{"id":35,"date":"2019-05-21T21:41:55","date_gmt":"2019-05-21T21:41:55","guid":{"rendered":"https:\/\/siscof.inf.br\/site\/?page_id=35"},"modified":"2019-06-22T01:07:54","modified_gmt":"2019-06-22T01:07:54","slug":"referencias","status":"publish","type":"page","link":"https:\/\/siscof.inf.br\/site\/referencias\/","title":{"rendered":"Refer\u00eancias"},"content":{"rendered":"\n<p>ALVES, Leandro; ANTUNES, Hailton; WERNER, Henrique. <strong>Principais Aplica\u00e7\u00f5es para o RFID. <\/strong>Dispon\u00edvel em: &lt;<a href=\"https:\/\/www.gta.ufrj.br\/grad\/11_1\/rfid\/\">https:\/\/www.gta.ufrj.br\/grad\/11_1\/rfid\/<\/a>>. Acesso em: 19 abr. 2019.<\/p>\n\n\n\n<p>AMARAL, Alexandre. <strong>Gest\u00e3o de Frotas, Telemetria<\/strong>. Dispon\u00edvel em: &lt;<a href=\"http:\/\/sstelematica.com.br\/gastos-com-frota\/\">http:\/\/sstelematica.com.br\/gastos-com-frota\/<\/a>>. Acesso em 01 mar. 2019.<\/p>\n\n\n\n<p>ARAUJO, Jo\u00e3o Gualberto R. <strong>O Desenvolvimento de aplica\u00e7\u00f5es WEB<\/strong><em>. <\/em>Dispon\u00edvel em: &lt;<a href=\"http:\/\/www.rnp.br\/newsgen\/9710\/n5-3.html\">http:\/\/www.rnp.br\/newsgen\/9710\/n5-3.html<\/a>>. Acesso em: 05 nov. 2018.<\/p>\n\n\n\n<p>BABOO. <strong>Instala\u00e7\u00e3o do Windows: Requisitos M\u00ednimos de Cada Vers\u00e3o<\/strong>. Dispon\u00edvel em: &lt;<a href=\"http:\/\/www.babooforum.com.br\/forum\/index.php?showtopic=316462\">http:\/\/www.babooforum.com.br\/forum\/index.php?showtopic=316462<\/a>>. Acesso em: 05 nov. 2018.<\/p>\n\n\n\n<p>CIRIACO, Douglas. <strong>Como funciona a RFID.<\/strong> Dispon\u00edvel em: &lt;<a href=\"https:\/\/www.tecmundo.com.br\/tendencias\/2601-como-funciona-a-rfid-.htm\">https:\/\/www.tecmundo.com.br\/tendencias\/2601-como-funciona-a-rfid-.htm<\/a>>. Acesso em: 05 nov. 2018.<\/p>\n\n\n\n<p>CLUBE, CFTV. <strong>LEITOR RFID ANTENA VEICULAR LEITURA DE TAG 900 MHZ PARA CONTROLE DE ACESSO \u2013 CITROX<\/strong>. Dispon\u00edvel em: &lt;<a href=\"https:\/\/www.cftvclube.com.br\/leitor-rfid-antena-veicular-leitura-de-tag-900-mhz-para-controle-de-acesso-citrox\">https:\/\/www.cftvclube.com.br\/leitor-rfid-antena-veicular-leitura-de-tag-900-mhz-para-controle-de-acesso-citrox<\/a>>. Acesso em 29 abr.2019<\/p>\n\n\n\n<p>COBLI. <strong>Para frotas que chegam na hora. <\/strong>Dispon\u00edvel em: &lt;<a href=\"https:\/\/cobli.co\/\">https:\/\/cobli.co\/<\/a>>. Acesso em: 19 abr. 2019.<\/p>\n\n\n\n<p>CONECTCAR. <strong>Como Instalar.<\/strong> Dispon\u00edvel em: &lt;<a href=\"https:\/\/www.conectcar.com\/#\">https:\/\/www.conectcar.com\/#<\/a>>. Acesso em: 19 abr. 2019.<\/p>\n\n\n\n<p>CURITIBA, C\u00e2mara Municipal. <strong>Regras para cr\u00e9dito no cart\u00e3o- transporte podem virar lei em Curitiba. <\/strong>Dispon\u00edvel em: &lt;<a href=\"https:\/\/www.cmc.pr.gov.br\/ass_det.php?not=30666#&amp;panel1-1\">https:\/\/www.cmc.pr.gov.br\/ass_det.php?not=30666#&amp;panel1-1<\/a>>. Acesso em 19 abr. 2019.<\/p>\n\n\n\n<p>Dall\u2019Oglio, Pablo. <strong>PHP Programando com Orienta\u00e7\u00e3o a Objetos<\/strong>. S\u00e3o Paulo: Novatec. 2007.<\/p>\n\n\n\n<p>DATE, Cristopher J. <strong>Introdu\u00e7\u00e3o a Sistemas Gerenciadores de Bancos de Dados<\/strong>. Rio de\nJaneiro: Elsevier, 2003.<\/p>\n\n\n\n<p>DEVMEDIA. <strong>SQL Injection<\/strong>. Dispon\u00edvel em: &lt;<a href=\"https:\/\/www.devmedia.com.br\/sql-injection\/6102\">https:\/\/www.devmedia.com.br\/sql-injection\/6102<\/a>>. Acesso em: 22 mai. 2019.<\/p>\n\n\n\n<p>DIAS,\nAdilson de Souza. <strong>WAP: a internet sem\nfios (<em>wireless application protocol<\/em>)<\/strong>.\nRio de Janeiro: Ci\u00eancia Moderna. 2000.<\/p>\n\n\n\n<p>ELABOREAL. <strong>Controle de acesso. <\/strong>Dispon\u00edvel em: &lt;<a href=\"http:\/\/www.elaboreal.com.br\/controle-de-acesso-curitiba.html\">http:\/\/www.elaboreal.com.br\/controle-de-acesso-curitiba.html<\/a>>. Acesso em: 19 abr. 2019.<\/p>\n\n\n\n<p>EXAME. <strong>Site ajuda empresas que querem terceirizar sua frota de ve\u00edculos. <\/strong>Dispon\u00edvel em: &lt;<a href=\"https:\/\/exame.abril.com.br\/negocios\/dino\/site-ajuda-empresas-que-querem-terceirizar-sua-frota-de-veiculos\/\">https:\/\/exame.abril.com.br\/negocios\/dino\/site-ajuda-empresas-que-querem-terceirizar-sua-frota-de-veiculos\/<\/a>>. Acesso em: 19 abr. 2019.<\/p>\n\n\n\n<p>EXAME. <strong>Usu\u00e1rios de ped\u00e1gio eletr\u00f4nico sofrem multas mesmo pagando. <\/strong>Dispon\u00edvel em: &lt;<a href=\"https:\/\/exame.abril.com.br\/seu-dinheiro\/usuarios-de-pedagio-eletronico-sofrem-multas-mesmo-pagando\/\">https:\/\/exame.abril.com.br\/seu-dinheiro\/usuarios-de-pedagio-eletronico-sofrem-multas-mesmo-pagando\/<\/a>>. Acesso em: 19 abr. 2019.<\/p>\n\n\n\n<p>FERREIRA, Aur\u00e9lio Buarque de Holanda. <strong>Dicion\u00e1rio da L\u00edngua Portuguesa<\/strong><em>.<\/em> Curitiba: Editora Positivo. 2004.<\/p>\n\n\n\n<p>Furmankiewicz, Edson. <strong>PHP, A B\u00edblia<\/strong>. S\u00e3o Paulo: Campus. 2003.<\/p>\n\n\n\n<p>GROUP, The PHP. <strong>O que \u00e9 o PHP?<\/strong> Dispon\u00edvel em: &lt;<a href=\"https:\/\/secure.php.net\/manual\/pt_BR\/intro-whatis.php\">https:\/\/secure.php.net\/manual\/pt_BR\/intro-whatis.php<\/a>>. Acesso em: 23 abr. 2019.<\/p>\n\n\n\n<p>INSTRUMENTS, National. <strong>Conceitos Gerais de Comunica\u00e7\u00e3o Serial<\/strong>. Dispon\u00edvel em: &lt;<a href=\"http:\/\/digital.ni.com\/public.nsf\/allkb\/32679C566F4B9700862576A20051FE8F\">http:\/\/digital.ni.com\/public.nsf\/allkb\/32679C566F4B9700862576A20051FE8F<\/a>>. Acesso em: 05 nov. 2018.<\/p>\n\n\n\n<p>JOHNSON, Thienne. <strong>Medidas b\u00e1sicas de Seguran\u00e7a em Redes WiFi de Pequeno Porte<\/strong>. Dispon\u00edvel em: &lt;<a href=\"http:\/\/www.wirelessbrasil.org\/wirelessbr\/index.php?option=com_content&amp;task=view&amp;id=250&amp;Itemid=57\">http:\/\/www.wirelessbrasil.org\/wirelessbr\/index.php?option=com_content&amp;task=view&amp;id=250&amp;Itemid=57<\/a>>. Acesso em: 05 nov. 2018.<\/p>\n\n\n\n<p>LOG\u00cdSTICA, Blog. <strong>SAIBA QUAIS S\u00c3O OS PRINCIPAIS CUSTOS DE FROTA E COMO GERENCI\u00c1-LOS<\/strong>. Dispon\u00edvel em: &lt;<a href=\"https:\/\/www.bloglogistica.com.br\/mercado\/saiba-quais-sao-os-principais-custos-de-frota-e-como-gerencia-los\/\">https:\/\/www.bloglogistica.com.br\/mercado\/saiba-quais-sao-os-principais-custos-de-frota-e-como-gerencia-los\/<\/a>>. Acesso em: 09 mai. 2019.<\/p>\n\n\n\n<p>LOUREIRO, Gabriel da Silva Martins; SOUZA, Isabella Quintanilha de; LOPES, Marcelle Guedes de Medeiros. <strong>RFID Identifica\u00e7\u00e3o por R\u00e1dio Frequ\u00eancia<\/strong>. Dispon\u00edvel em: &lt;<a href=\"https:\/\/www.gta.ufrj.br\/grad\/15_1\/rfid\/etiquetas.html\">https:\/\/www.gta.ufrj.br\/grad\/15_1\/rfid\/etiquetas.html<\/a>>. Acesso em: 05 nov. 2018.<\/p>\n\n\n\n<p>MEIRELLES, Adriano. <strong>Redes, Guia Pr\u00e1tico 2\u00aa Ed. (Atualiza\u00e7\u00e3o)<\/strong>. Dispon\u00edvel em: &lt;<a href=\"https:\/\/www.hardware.com.br\/livros\/redes\/\">https:\/\/www.hardware.com.br\/livros\/redes\/<\/a>>. Acesso em: 05 nov. 2018. <\/p>\n\n\n\n<p>MERCADOLIVRE. <strong>\u00a0Controle De Acesso Intelbras Sa 202 Senha E Cart\u00e3o + 10 Tags. <\/strong>Dispon\u00edvel em: &lt;<a href=\"https:\/\/produto.mercadolivre.com.br\/MLB-896778129\">https:\/\/produto.mercadolivre.com.br\/MLB-896778129<\/a>>. Acesso em: 19 abr. 2019.<\/p>\n\n\n\n<p>MORIMOTO, Carlos Eduardo.<strong> Redes e Servidores Linux, Guia Pr\u00e1tico<\/strong>.\nS\u00e3o Paulo: GDH Press, 2011.<\/p>\n\n\n\n<p>MORIMOTO, Carlos Eduardo.<strong> <em>Smartphones<\/em>\nGuia Pr\u00e1tico<\/strong><em>. <\/em>Porto Alegre: SUL\nEditores. 2009.<\/p>\n\n\n\n<p>MTGTECH. <strong>Controle de \u00a0 Acesso nas Escolas. <\/strong>Dispon\u00edvel em: &lt;<a href=\"http:\/\/mtgtech.com.br\/276-2\/\">http:\/\/mtgtech.com.br\/276-2\/<\/a>>. Acesso em: 19 abr. 2019.<\/p>\n\n\n\n<p>MYSQL. <strong>MySQL<\/strong>. Dispon\u00edvel em: &lt;<a href=\"https:\/\/www.mysql.com\/\">https:\/\/www.mysql.com\/<\/a>>. Acesso em: 05 nov. 2018.<\/p>\n\n\n\n<p>NOKIA. <strong>Como funciona<\/strong>. Dispon\u00edvel em: &lt;<a href=\"http:\/\/www.nokia.pt\/A4268157\">http:\/\/www.nokia.pt\/A4268157<\/a>>. Acesso em: 29 mai. 2009.<\/p>\n\n\n\n<p>OLIVEIRA, Alexandre<em>. <\/em><strong>Sites WEB vs. Aplica\u00e7\u00f5es WEB<\/strong><em>. <\/em>Dispon\u00edvel em: &lt;<a href=\"http:\/\/www.eualexandre.com.br\/blog\/2008\/12\/sites-web-vs-aplicacoes-web\/\">http:\/\/www.eualexandre.com.br\/blog\/2008\/12\/sites-web-vs-aplicacoes-web\/<\/a>>. Acesso em: 05 nov. 2018.<\/p>\n\n\n\n<p>RASMUSSEN, Bruna. <strong>LAN, WLAN, MAN, WAN, PAN: conhe\u00e7a os principais tipos de redes<\/strong>. Dispon\u00edvel em: &lt;<a href=\"https:\/\/canaltech.com.br\/infra\/lan-wlan-man-wan-pan-conheca-os-principais-tipos-de-redes\/\">https:\/\/canaltech.com.br\/infra\/lan-wlan-man-wan-pan-conheca-os-principais-tipos-de-redes\/<\/a>>. Acesso em 05 nov. 2018.<\/p>\n\n\n\n<p>SILVEIRA, Giovana. <strong>O QUE \u00c9 A TECNOLOGIA RFID E COMO ELA PODE AJUDAR SUA EMPRESA?<\/strong> Dispon\u00edvel em: &lt;<a href=\"https:\/\/rfidbrasil.com\/blog\/o-que-e-a-tecnologia-rfid-e-como-ela-pode-ajudar-sua-empresa\/\">https:\/\/rfidbrasil.com\/blog\/o-que-e-a-tecnologia-rfid-e-como-ela-pode-ajudar-sua-empresa\/<\/a>>. Acesso em: 05 nov. 2018.<\/p>\n\n\n\n<p>SISNEMA. <strong>O que \u00e9 Wireless?<\/strong> \u00a0Dispon\u00edvel em: &lt;<a href=\"http:\/\/sisnema.com.br\/Materias\/idmat002959.htm\">http:\/\/sisnema.com.br\/Materias\/idmat002959.htm<\/a>>. Acesso em: 05 nov. 2018.<\/p>\n\n\n\n<p>THOMSEN, Adilson. <strong>O que \u00e9 Arduino?<\/strong> Dispon\u00edvel em: &lt;<a href=\"https:\/\/www.filipeflop.com\/blog\/o-que-e-arduino\/\">https:\/\/www.filipeflop.com\/blog\/o-que-e-arduino\/<\/a>>. Acesso em: 05 nov. 2018.<\/p>\n\n\n\n<p>UBUNTU, Mundo. <strong>Breve Introdu\u00e7\u00e3o ao Ubuntu. <\/strong>Dispon\u00edvel em: &lt;<a href=\"http:\/\/www.mundoubuntu.com.br\/sobre\/sobre-o-ubuntu\">http:\/\/www.mundoubuntu.com.br\/sobre\/sobre-o-ubuntu<\/a>>. Acesso em: 21 abr. 2019.<\/p>\n\n\n\n<p>UNIDAS, <strong>Gest\u00e3o de Frotas Corporativas<\/strong>. Dispon\u00edvel em: &lt;<a href=\"https:\/\/frotas.unidas.com.br\/blog\/como-fazer-o-controle-de-frotas-da-sua-empresa\/\">https:\/\/frotas.unidas.com.br\/blog\/como-fazer-o-controle-de-frotas-da-sua-empresa\/<\/a>>. Acesso em: 01 mar. 2019.<\/p>\n\n\n\n<p>WAMPSERVER. <strong><em>A Windows web development enviroment<\/em><\/strong>. Dispon\u00edvel em: &lt;<a href=\"http:\/\/www.wampserver.com\/en\/\">http:\/\/www.wampserver.com\/en\/<\/a>>. Acesso em: 05 nov. 2018.<\/p>\n\n\n\n<p>WORDPRESSDEFINITIVO. <strong>O que \u00e9 WordPress? <\/strong>Dispon\u00edvel em: &lt;<a href=\"https:\/\/www.wordpressdefinitivo.com.br\/cursos-de-wordpress\/o-que-e-wordpress\/\">https:\/\/www.wordpressdefinitivo.com.br\/cursos-de-wordpress\/o-que-e-wordpress\/<\/a>>. Acesso em: 19 abr. 2019.<\/p>\n","protected":false},"excerpt":{"rendered":"<p>ALVES, Leandro; ANTUNES, Hailton; WERNER, Henrique. Principais Aplica\u00e7\u00f5es para o RFID. Dispon\u00edvel em: &lt;https:\/\/www.gta.ufrj.br\/grad\/11_1\/rfid\/>. Acesso em: 19 abr. 2019. AMARAL, Alexandre. Gest\u00e3o de Frotas, Telemetria. Dispon\u00edvel em: &lt;http:\/\/sstelematica.com.br\/gastos-com-frota\/>. Acesso em 01 mar. 2019. ARAUJO, Jo\u00e3o Gualberto R. O Desenvolvimento de aplica\u00e7\u00f5es WEB. Dispon\u00edvel em: &lt;http:\/\/www.rnp.br\/newsgen\/9710\/n5-3.html>. Acesso em: 05 nov. 2018. BABOO. Instala\u00e7\u00e3o do Windows: Requisitos [&hellip;]<\/p>\n","protected":false},"author":1,"featured_media":0,"parent":0,"menu_order":0,"comment_status":"closed","ping_status":"closed","template":"","meta":{"footnotes":""},"class_list":["post-35","page","type-page","status-publish","hentry"],"_links":{"self":[{"href":"https:\/\/siscof.inf.br\/site\/wp-json\/wp\/v2\/pages\/35","targetHints":{"allow":["GET"]}}],"collection":[{"href":"https:\/\/siscof.inf.br\/site\/wp-json\/wp\/v2\/pages"}],"about":[{"href":"https:\/\/siscof.inf.br\/site\/wp-json\/wp\/v2\/types\/page"}],"author":[{"embeddable":true,"href":"https:\/\/siscof.inf.br\/site\/wp-json\/wp\/v2\/users\/1"}],"replies":[{"embeddable":true,"href":"https:\/\/siscof.inf.br\/site\/wp-json\/wp\/v2\/comments?post=35"}],"version-history":[{"count":8,"href":"https:\/\/siscof.inf.br\/site\/wp-json\/wp\/v2\/pages\/35\/revisions"}],"predecessor-version":[{"id":142,"href":"https:\/\/siscof.inf.br\/site\/wp-json\/wp\/v2\/pages\/35\/revisions\/142"}],"wp:attachment":[{"href":"https:\/\/siscof.inf.br\/site\/wp-json\/wp\/v2\/media?parent=35"}],"curies":[{"name":"wp","href":"https:\/\/api.w.org\/{rel}","templated":true}]}}