{"id":38,"date":"2019-05-21T21:44:00","date_gmt":"2019-05-21T21:44:00","guid":{"rendered":"https:\/\/siscof.inf.br\/site\/?page_id=38"},"modified":"2019-06-22T02:11:35","modified_gmt":"2019-06-22T02:11:35","slug":"editores","status":"publish","type":"page","link":"https:\/\/siscof.inf.br\/site\/editores\/","title":{"rendered":"Editores"},"content":{"rendered":"\n<p>Softwares para edi\u00e7\u00e3o dos C\u00f3digos Fonte.<\/p>\n\n\n\n<p>Sublime Text 3:  <a href=\"https:\/\/www.sublimetext.com\/3\">https:\/\/www.sublimetext.com\/3<\/a> <\/p>\n\n\n\n<p>Blue Fish:  <a href=\"http:\/\/bluefish.openoffice.nl\/download.html\">http:\/\/bluefish.openoffice.nl\/download.html<\/a> <\/p>\n\n\n\n<p>Notepad++:  <a href=\"https:\/\/notepad-plus-plus.org\/download\/v7.7.1.html\">https:\/\/notepad-plus-plus.org\/download\/v7.7.1.html<\/a> <\/p>\n\n\n\n<p>Estes s\u00e3o os tr\u00eas editores recomendados, pela versatilidade e por serem gratuitos. Atendem perfeitamente \u00e0 maioria das demandas de programa\u00e7\u00e3o para WEB.<br><\/p>\n","protected":false},"excerpt":{"rendered":"<p>Softwares para edi\u00e7\u00e3o dos C\u00f3digos Fonte. Sublime Text 3: https:\/\/www.sublimetext.com\/3 Blue Fish: http:\/\/bluefish.openoffice.nl\/download.html Notepad++: https:\/\/notepad-plus-plus.org\/download\/v7.7.1.html Estes s\u00e3o os tr\u00eas editores recomendados, pela versatilidade e por serem gratuitos. Atendem perfeitamente \u00e0 maioria das demandas de programa\u00e7\u00e3o para WEB.<\/p>\n","protected":false},"author":1,"featured_media":0,"parent":0,"menu_order":0,"comment_status":"closed","ping_status":"closed","template":"","meta":{"footnotes":""},"class_list":["post-38","page","type-page","status-publish","hentry"],"_links":{"self":[{"href":"https:\/\/siscof.inf.br\/site\/wp-json\/wp\/v2\/pages\/38","targetHints":{"allow":["GET"]}}],"collection":[{"href":"https:\/\/siscof.inf.br\/site\/wp-json\/wp\/v2\/pages"}],"about":[{"href":"https:\/\/siscof.inf.br\/site\/wp-json\/wp\/v2\/types\/page"}],"author":[{"embeddable":true,"href":"https:\/\/siscof.inf.br\/site\/wp-json\/wp\/v2\/users\/1"}],"replies":[{"embeddable":true,"href":"https:\/\/siscof.inf.br\/site\/wp-json\/wp\/v2\/comments?post=38"}],"version-history":[{"count":3,"href":"https:\/\/siscof.inf.br\/site\/wp-json\/wp\/v2\/pages\/38\/revisions"}],"predecessor-version":[{"id":242,"href":"https:\/\/siscof.inf.br\/site\/wp-json\/wp\/v2\/pages\/38\/revisions\/242"}],"wp:attachment":[{"href":"https:\/\/siscof.inf.br\/site\/wp-json\/wp\/v2\/media?parent=38"}],"curies":[{"name":"wp","href":"https:\/\/api.w.org\/{rel}","templated":true}]}}