{"id":41,"date":"2019-05-21T21:45:34","date_gmt":"2019-05-21T21:45:34","guid":{"rendered":"https:\/\/siscof.inf.br\/site\/?page_id=41"},"modified":"2019-06-22T02:26:12","modified_gmt":"2019-06-22T02:26:12","slug":"servidores","status":"publish","type":"page","link":"https:\/\/siscof.inf.br\/site\/servidores\/","title":{"rendered":"Servidores"},"content":{"rendered":"\n<p>Softwares utilizados no servidor da aplica\u00e7\u00e3o.<\/p>\n\n\n\n<p>Para criar um ambiente apropriado para o desenvolvimento e execu\u00e7\u00e3o das aplica\u00e7\u00f5es web e de sites em geral, existem plataformas que podem ser instaladas e utilizadas para transformar m\u00e1quinas locais, comuns, em servidores web.<\/p>\n\n\n\n<h2 class=\"wp-block-heading\">WAMP &#8211; Windows + Apache + MySQL \/ MariaDB + PHP<\/h2>\n\n\n\n<p>O Wamp \u00e9 uma plataforma para ser instalada em um computador comum (desktop, notebook, m\u00e1quinas virtuais), com Sistema Operacional Windows. Ela prov\u00ea um ambiente para sites e aplica\u00e7\u00f5es web que precisam de um Servidor HTTP (Apache), de bancos de dados (MySQL e MariaDB) e de interpretadores de c\u00f3digo (PHP).<br><br>A plataforma \u00e9 facilmente instalada, ap\u00f3s o download de um \u00fanico arquivo, seguindo as instru\u00e7\u00f5es do link <a href=\"http:\/\/www.wampserver.com\/en\/#wampserver-64-bits-php-5-6-25-php-7\">http:\/\/www.wampserver.com\/en\/#wampserver-64-bits-php-5-6-25-php-7<\/a>.<\/p>\n\n\n\n<h2 class=\"wp-block-heading\">XAMPP &#8211; X &#8220;whatever&#8221; Sistema Operacional + APACHE + MySQL + PHP + Pearl<\/h2>\n\n\n\n<p>O XAMPP, apesar de ter a mesma proposta do WAMP, \u00e9 concebido para operar em diversos Sistemas Operacionais, como sugere o nome. Al\u00e9m de possuir interpretador de c\u00f3digo Pearl, muito utilizado nos dias de hoje para programa\u00e7\u00e3o WEB.<\/p>\n\n\n\n<p>O download da plataforma pode ser feita no link:  <a href=\"https:\/\/www.apachefriends.org\/pt_br\/download.html\">https:\/\/www.apachefriends.org\/pt_br\/download.html<\/a> <\/p>\n","protected":false},"excerpt":{"rendered":"<p>Softwares utilizados no servidor da aplica\u00e7\u00e3o. Para criar um ambiente apropriado para o desenvolvimento e execu\u00e7\u00e3o das aplica\u00e7\u00f5es web e de sites em geral, existem plataformas que podem ser instaladas e utilizadas para transformar m\u00e1quinas locais, comuns, em servidores web. WAMP &#8211; Windows + Apache + MySQL \/ MariaDB + PHP O Wamp \u00e9 uma [&hellip;]<\/p>\n","protected":false},"author":1,"featured_media":0,"parent":0,"menu_order":0,"comment_status":"closed","ping_status":"closed","template":"","meta":{"footnotes":""},"class_list":["post-41","page","type-page","status-publish","hentry"],"_links":{"self":[{"href":"https:\/\/siscof.inf.br\/site\/wp-json\/wp\/v2\/pages\/41","targetHints":{"allow":["GET"]}}],"collection":[{"href":"https:\/\/siscof.inf.br\/site\/wp-json\/wp\/v2\/pages"}],"about":[{"href":"https:\/\/siscof.inf.br\/site\/wp-json\/wp\/v2\/types\/page"}],"author":[{"embeddable":true,"href":"https:\/\/siscof.inf.br\/site\/wp-json\/wp\/v2\/users\/1"}],"replies":[{"embeddable":true,"href":"https:\/\/siscof.inf.br\/site\/wp-json\/wp\/v2\/comments?post=41"}],"version-history":[{"count":2,"href":"https:\/\/siscof.inf.br\/site\/wp-json\/wp\/v2\/pages\/41\/revisions"}],"predecessor-version":[{"id":244,"href":"https:\/\/siscof.inf.br\/site\/wp-json\/wp\/v2\/pages\/41\/revisions\/244"}],"wp:attachment":[{"href":"https:\/\/siscof.inf.br\/site\/wp-json\/wp\/v2\/media?parent=41"}],"curies":[{"name":"wp","href":"https:\/\/api.w.org\/{rel}","templated":true}]}}