{"id":44,"date":"2019-05-21T21:50:33","date_gmt":"2019-05-21T21:50:33","guid":{"rendered":"https:\/\/siscof.inf.br\/site\/?page_id=44"},"modified":"2019-06-22T02:38:31","modified_gmt":"2019-06-22T02:38:31","slug":"compiladores","status":"publish","type":"page","link":"https:\/\/siscof.inf.br\/site\/compiladores\/","title":{"rendered":"Compiladores"},"content":{"rendered":"\n<p>Interpretadores e Compiladores utilizados para desenvolver o sistema.<\/p>\n\n\n\n<p>Para editar e compilar os programas utilizados no Arduino, \u00e9 utilizada a IDE do pr\u00f3prio site <a href=\"https:\/\/arduino.cc\">arduino.cc<\/a>. O Download da IDE pode ser feito no link  <a href=\"https:\/\/www.arduino.cc\/en\/Main\/Software\">https:\/\/www.arduino.cc\/en\/Main\/Software<\/a>  e est\u00e1 dispon\u00edvel para os Sistemas Operacionais Windows, MacOS e Linux.<\/p>\n\n\n\n<figure class=\"wp-block-image\"><img decoding=\"async\" src=\"https:\/\/siscof.inf.br\/site\/wp-content\/uploads\/2019\/06\/ide.png\" alt=\"\" class=\"wp-image-188\"\/><\/figure>\n\n\n\n<p>Como alternativa \u00e0 IDE do site arduino.cc, existem as IDEs da fabricate dos microcontroladores, que equipam as placas. <\/p>\n\n\n\n<p>A ATMEL, \u00e9 a fabricante dos chips atmega328 e atmega328p, dentre outros, que equipam as placas como Arduino UNO. Visite o site  <a href=\"https:\/\/www.microchip.com\/\">https:\/\/www.microchip.com\/<\/a>  e saiba mais.<\/p>\n","protected":false},"excerpt":{"rendered":"<p>Interpretadores e Compiladores utilizados para desenvolver o sistema. Para editar e compilar os programas utilizados no Arduino, \u00e9 utilizada a IDE do pr\u00f3prio site arduino.cc. O Download da IDE pode ser feito no link https:\/\/www.arduino.cc\/en\/Main\/Software e est\u00e1 dispon\u00edvel para os Sistemas Operacionais Windows, MacOS e Linux. Como alternativa \u00e0 IDE do site arduino.cc, existem as [&hellip;]<\/p>\n","protected":false},"author":1,"featured_media":0,"parent":0,"menu_order":0,"comment_status":"closed","ping_status":"closed","template":"","meta":{"footnotes":""},"class_list":["post-44","page","type-page","status-publish","hentry"],"_links":{"self":[{"href":"https:\/\/siscof.inf.br\/site\/wp-json\/wp\/v2\/pages\/44","targetHints":{"allow":["GET"]}}],"collection":[{"href":"https:\/\/siscof.inf.br\/site\/wp-json\/wp\/v2\/pages"}],"about":[{"href":"https:\/\/siscof.inf.br\/site\/wp-json\/wp\/v2\/types\/page"}],"author":[{"embeddable":true,"href":"https:\/\/siscof.inf.br\/site\/wp-json\/wp\/v2\/users\/1"}],"replies":[{"embeddable":true,"href":"https:\/\/siscof.inf.br\/site\/wp-json\/wp\/v2\/comments?post=44"}],"version-history":[{"count":3,"href":"https:\/\/siscof.inf.br\/site\/wp-json\/wp\/v2\/pages\/44\/revisions"}],"predecessor-version":[{"id":247,"href":"https:\/\/siscof.inf.br\/site\/wp-json\/wp\/v2\/pages\/44\/revisions\/247"}],"wp:attachment":[{"href":"https:\/\/siscof.inf.br\/site\/wp-json\/wp\/v2\/media?parent=44"}],"curies":[{"name":"wp","href":"https:\/\/api.w.org\/{rel}","templated":true}]}}